{"id":417,"date":"2021-03-15T18:41:56","date_gmt":"2021-03-15T18:41:56","guid":{"rendered":"https:\/\/zdronu.sk\/?page_id=417"},"modified":"2025-05-19T15:44:33","modified_gmt":"2025-05-19T15:44:33","slug":"legislativa","status":"publish","type":"page","link":"https:\/\/zdronu.sk\/de\/legislativa\/","title":{"rendered":"Gesetzgebung"},"content":{"rendered":"\n<h2 class=\"wp-block-heading has-text-align-center\">Rob\u00edme to <span class=\"green\">iba leg\u00e1lne<\/span><\/h2>\n\n\n\n<p class=\"has-text-align-center\">Ako jedna z m\u00e1la firiem na Slovensku vykon\u00e1vame dronov\u00e9 lietania LEG\u00c1LNE a disponujeme v\u0161etk\u00fdmi povoleniami k prev\u00e1dzke UAS.<\/p>\n\n\n    <\/div>\n\t\t    <\/div>\n\t    <div class=\"section page \" style=\"background: ;\" id=\"\">\n\t\t\n\t\n\t\t\t<div class=\"center \" >\t\n\t\t\t\n\n\t\t\t\n\n\n<div class=\"wp-block-image\">\n<figure class=\"alignleft size-full\"><img loading=\"lazy\" decoding=\"async\" width=\"750\" height=\"465\" src=\"https:\/\/zdronu.sk\/wp-content\/uploads\/2022\/04\/Legislativa-4.jpg\" alt=\"\" class=\"wp-image-4970\" srcset=\"https:\/\/zdronu.sk\/wp-content\/uploads\/2022\/04\/Legislativa-4.jpg 750w, https:\/\/zdronu.sk\/wp-content\/uploads\/2022\/04\/Legislativa-4-300x186.jpg 300w\" sizes=\"auto, (max-width: 750px) 100vw, 750px\" \/><figcaption class=\"wp-element-caption\">  <\/figcaption><\/figure>\n<\/div>\n\n\n<p><\/p>\n\n\n\n<h2 class=\"wp-block-heading\"><span class=\"green\">Registr\u00e1cia<\/span> UAV<\/h2>\n\n\n\n<p>Na\u0161e drony (UAS) od renomovanej zna\u010dky DJI, s\u00fa ofici\u00e1lne schv\u00e1len\u00e9 Eur\u00f3pskou agent\u00farou pre bezpe\u010dnos\u0165 letectva (EASA). Ka\u017ed\u00fd dron, ktor\u00fd pou\u017e\u00edvame, je zaregistrovan\u00fd v registri lietadiel Dopravn\u00e9ho \u00faradu Slovenskej republiky a pravidelne prech\u00e1dza na\u0161imi kontrolami a \u00fadr\u017ebou. T\u00fdmto sp\u00f4sobom garantujeme, \u017ee ka\u017ed\u00fd let je v s\u00falade s najnov\u0161\u00edmi legislat\u00edvnymi normami a leteck\u00fdmi predpismi.<\/p>\n\n\n\n  <br class=\"br\">\n  <script type=\"text\/javascript\">\n    if (window.matchMedia(\"(max-width: 768px)\").matches) {\n      var posl = document.querySelectorAll(\".wp-block-image, .iframe, .twenty20\")\n      var posledne = posl[posl.length - 1];\n      document.write(posledne.outerHTML);\n      posledne.style.display = 'none';\n    }\n  <\/script>\n  <br class=\"br\">\n  \n\n\n\n<p><\/p>\n\n\n\n<div class=\"medzera\" ><\/div>\n\n\n\n<p><\/p>\n\n\n<div class=\"wp-block-image\">\n<figure class=\"alignright size-full is-resized\"><img loading=\"lazy\" decoding=\"async\" width=\"1000\" height=\"651\" src=\"https:\/\/zdronu.sk\/wp-content\/uploads\/2025\/02\/Legislativa01c.jpg\" alt=\"\" class=\"wp-image-8475\" style=\"aspect-ratio:1.4565826330532212;width:565px;height:auto\" srcset=\"https:\/\/zdronu.sk\/wp-content\/uploads\/2025\/02\/Legislativa01c.jpg 1000w, https:\/\/zdronu.sk\/wp-content\/uploads\/2025\/02\/Legislativa01c-300x195.jpg 300w, https:\/\/zdronu.sk\/wp-content\/uploads\/2025\/02\/Legislativa01c-768x500.jpg 768w, https:\/\/zdronu.sk\/wp-content\/uploads\/2025\/02\/Legislativa01c-18x12.jpg 18w\" sizes=\"auto, (max-width: 1000px) 100vw, 1000px\" \/><\/figure>\n<\/div>\n\n\n<h2 class=\"wp-block-heading GREE\"><span class=\"green\">Pilotn\u00e1<\/span> licencia<\/h2>\n\n\n\n<p>\u00daspe\u0161ne sme absolvovali teoretick\u00e9 a praktick\u00e9 sk\u00fa\u0161ky pre kateg\u00f3rie A1\/A3, A2 a STS na Dopravnom \u00farade Slovenskej republiky v div\u00edzii civiln\u00e9ho letectva. Sme dr\u017eite\u013emi prev\u00e1dzkov\u00e9ho povolenia v osobitej kateg\u00f3rii &#8218;SPECIFIC&#8216; na lietanie s dronmi sp\u00f4sobil\u00fdmi lieta\u0165 bez pilota, v s\u00falade s Nariaden\u00edm (E\u00da) 2019\/947.<\/p>\n\n\n\n  <br class=\"br\">\n  <script type=\"text\/javascript\">\n    if (window.matchMedia(\"(max-width: 768px)\").matches) {\n      var posl = document.querySelectorAll(\".wp-block-image, .iframe, .twenty20\")\n      var posledne = posl[posl.length - 1];\n      document.write(posledne.outerHTML);\n      posledne.style.display = 'none';\n    }\n  <\/script>\n  <br class=\"br\">\n  \n\n\n    <\/div>\n\t\t    <\/div>\n\t    <div class=\"section page \" style=\"background: url(https:\/\/zdronu.sk\/wp-content\/uploads\/2022\/04\/DJI_0480-scaled.jpg);;\" id=\"\">\n\t\t\n\t\n\t\t\t<div class=\"center \" >\t\n\t\t\t\n\n\t\t\t\n\n\n\n<p><br><br><div class=\"medzera\" ><\/div><\/p>\n\n\n\n<div class=\"okna okna4 sp3 zelene \"><div class=\"okno haba \">\n\n\n\n<h3 class=\"wp-block-heading has-white-color has-text-color\" id=\"realtime-nahlad\"><strong>Pri lietan\u00ed neohrozujeme bezpe\u010dnos\u0165 in\u00fdch lietadiel, os\u00f4b alebo majetkov na zemi.<\/strong><\/h3>\n\n\n\n<p class=\"has-white-color has-text-color\"><\/p>\n\n\n\n<\/div><div class=\"okno sp1\" id=\"\">\n\n\n\n<h3 class=\"wp-block-heading has-white-color has-text-color\" id=\"rychly-operacny-cas-1\"><strong><strong>Po\u010das ka\u017ed\u00e9ho letu na z\u00e1klade platnej legislat\u00edvy dodr\u017eiavame neust\u00e1ly vizu\u00e1lny kontakt s dronom.<\/strong><\/strong><\/h3>\n\n\n\n<p class=\"has-white-color has-text-color\"><\/p>\n\n\n\n<p class=\"has-text-align-left\"><\/div><div class=\"okno sp3\" id=\"\"><\/p>\n\n\n\n<h3 class=\"wp-block-heading has-white-color has-text-color\" id=\"rychly-operacny-cas-1\"><strong>Pre lietanie v CTR z\u00f3ne \u017eiadame povolenie od letiskovej ve\u017ee.<\/strong><\/h3>\n\n\n\n<p class=\"has-white-color has-text-color\"><\/p>\n\n\n\n<\/div><div class=\"okno sp2\" id=\"\">\n\n\n\n<h3 class=\"wp-block-heading has-white-color has-text-color\" id=\"zvysena-bezpecnost\">Vieme zabezpe\u010di\u0165 \u0161peci\u00e1lne povolenie pre vzlet v tesnej bl\u00edzkosti let\u00edsk a vojensk\u00fdch oblast\u00ed.<\/h3>\n\n\n\n<p class=\"has-white-color has-text-color\"><\/p>\n\n\n\n<\/div><\/div>\n\n\n\n<div class=\"medzera\" ><\/div>\n\n\n\n    <\/div>\n\t\t    <\/div>\n\t    <div class=\"section page \" style=\"background: ;\" id=\"\">\n\t\t\n\t\n\t\t\t<div class=\"center \" >\t\n\t\t\t\n\n\t\t\t\n\n\n<div class=\"wp-block-image\">\n<figure class=\"alignleft size-full is-resized\"><img loading=\"lazy\" decoding=\"async\" width=\"1000\" height=\"719\" src=\"https:\/\/zdronu.sk\/wp-content\/uploads\/2025\/02\/Legislativa03b.jpg\" alt=\"\" class=\"wp-image-8504\" style=\"width:531px;height:341px\" srcset=\"https:\/\/zdronu.sk\/wp-content\/uploads\/2025\/02\/Legislativa03b.jpg 1000w, https:\/\/zdronu.sk\/wp-content\/uploads\/2025\/02\/Legislativa03b-300x216.jpg 300w, https:\/\/zdronu.sk\/wp-content\/uploads\/2025\/02\/Legislativa03b-768x552.jpg 768w, https:\/\/zdronu.sk\/wp-content\/uploads\/2025\/02\/Legislativa03b-18x12.jpg 18w\" sizes=\"auto, (max-width: 1000px) 100vw, 1000px\" \/><\/figure>\n<\/div>\n\n\n<h2 class=\"wp-block-heading\"><span class=\"green\">Opr\u00e1vnenie<\/span><\/h2>\n\n\n\n<p>Prev\u00e1dzkov\u00e9 povolenie pre \u201eosobitn\u00fa\u201c kateg\u00f3riu, vydan\u00e9 a schv\u00e1len\u00e9 Dopravn\u00fdm \u00faradom na z\u00e1klade pr\u00edsneho pos\u00fadenia anal\u00fdzy riz\u00edk SORA, n\u00e1s opr\u00e1v\u0148uje leg\u00e1lne vykon\u00e1va\u0165 lety s dronom za \u0161pecifick\u00fdch podmienok.<\/p>\n\n\n\n  <br class=\"br\">\n  <script type=\"text\/javascript\">\n    if (window.matchMedia(\"(max-width: 768px)\").matches) {\n      var posl = document.querySelectorAll(\".wp-block-image, .iframe, .twenty20\")\n      var posledne = posl[posl.length - 1];\n      document.write(posledne.outerHTML);\n      posledne.style.display = 'none';\n    }\n  <\/script>\n  <br class=\"br\">\n  \n\n\n\n<p><\/p>\n\n\n\n<div class=\"medzera\" style=\"height: 200px\"><\/div>\n\n\n\n<p><\/p>\n\n\n<div class=\"wp-block-image\">\n<figure class=\"alignright size-full is-resized\"><img loading=\"lazy\" decoding=\"async\" width=\"1000\" height=\"706\" src=\"https:\/\/zdronu.sk\/wp-content\/uploads\/2025\/02\/Legislativa02b.jpg\" alt=\"\" class=\"wp-image-8500\" style=\"aspect-ratio:1.45822102425876;width:604px;height:auto\" srcset=\"https:\/\/zdronu.sk\/wp-content\/uploads\/2025\/02\/Legislativa02b.jpg 1000w, https:\/\/zdronu.sk\/wp-content\/uploads\/2025\/02\/Legislativa02b-300x212.jpg 300w, https:\/\/zdronu.sk\/wp-content\/uploads\/2025\/02\/Legislativa02b-768x542.jpg 768w, https:\/\/zdronu.sk\/wp-content\/uploads\/2025\/02\/Legislativa02b-18x12.jpg 18w\" sizes=\"auto, (max-width: 1000px) 100vw, 1000px\" \/><\/figure>\n<\/div>\n\n\n<h2 class=\"wp-block-heading\"><span class=\"green\">Poistenie<\/span><\/h2>\n\n\n\n<p>Ka\u017ed\u00fd n\u00e1\u0161 dron je riadne poisten\u00fd proti zodpovednosti za \u0161kody sp\u00f4soben\u00e9 p\u00e1dom, a to prostredn\u00edctvom uzatvoren\u00e9ho poistenia PZP (poistenie zodpovednosti za \u0161kodu). Poistn\u00e1 suma je stanoven\u00e1 na v\u00fd\u0161ku a\u017e <strong>1 300 000 EUR<\/strong>, \u010do pokr\u00fdva pr\u00edpadn\u00e9 rizik\u00e1 a zabezpe\u010duje finan\u010dn\u00fa ochranu v pr\u00edpade nepredv\u00eddan\u00fdch udalost\u00ed po\u010das prev\u00e1dzky.<\/p>\n\n\n\n  <br class=\"br\">\n  <script type=\"text\/javascript\">\n    if (window.matchMedia(\"(max-width: 768px)\").matches) {\n      var posl = document.querySelectorAll(\".wp-block-image, .iframe, .twenty20\")\n      var posledne = posl[posl.length - 1];\n      document.write(posledne.outerHTML);\n      posledne.style.display = 'none';\n    }\n  <\/script>\n  <br class=\"br\">\n  \n\n\n\n<p><br><\/p>\n\n\n\n<p><\/p>\n\n\n\n<p><\/p>\n\n\n\n<p><\/p>\n\n\n\n    <\/div>\n\t\t    <\/div>\n\t    <div class=\"section page \" style=\"background: ;\" id=\"\">\n\t\t\n\t\n\t\t\t<div class=\"center \" >\t\n\t\t\t\n\n\t\t\t\n\n\n\n<p><\/p>\n\n\n\n<h2 class=\"wp-block-heading has-text-align-center\">Spr\u00e1va <span class=\"green\"> povolen\u00ed<\/span><\/h2>\n\n\n\n<p class=\"has-text-align-center\">O na\u0161e dronov\u00e9 povolenia a prev\u00e1dzkov\u00fa dokument\u00e1ciu sa star\u00e1 overen\u00e1 a sk\u00fasen\u00e1 spolo\u010dnos\u0165, s ktorou \u00fazko spolupracujeme. T\u00e1to spolo\u010dnos\u0165 zabezpe\u010duje komplexn\u00fa spr\u00e1vu na\u0161ich povolen\u00ed v kateg\u00f3rii <strong>SPECIFIC<\/strong>, vr\u00e1tane ich pravidelnej aktualiz\u00e1cie a monitorovania aktu\u00e1lnych predpisov, aby sme mohli zabezpe\u010di\u0165 najvy\u0161\u0161iu \u00farove\u0148 bezpe\u010dnosti po\u010das na\u0161ich letov. S ich pomocou neust\u00e1le prisp\u00f4sobujeme na\u0161u prev\u00e1dzkov\u00fa dokument\u00e1ciu, \u010d\u00edm garantujeme s\u00falad s aktu\u00e1lnymi leteck\u00fdmi normami a predpismi.<\/p>\n\n\n<div class=\"wp-block-image\">\n<figure class=\"aligncenter size-full is-resized\"><img loading=\"lazy\" decoding=\"async\" width=\"600\" height=\"610\" src=\"https:\/\/zdronu.sk\/wp-content\/uploads\/2025\/02\/peciatka_ikonka_low-min.png\" alt=\"\" class=\"wp-image-8518\" style=\"width:489px;height:auto\" srcset=\"https:\/\/zdronu.sk\/wp-content\/uploads\/2025\/02\/peciatka_ikonka_low-min.png 600w, https:\/\/zdronu.sk\/wp-content\/uploads\/2025\/02\/peciatka_ikonka_low-min-295x300.png 295w, https:\/\/zdronu.sk\/wp-content\/uploads\/2025\/02\/peciatka_ikonka_low-min-12x12.png 12w\" sizes=\"auto, (max-width: 600px) 100vw, 600px\" \/><\/figure>\n<\/div>\n\n\n<p><\/p>\n\n\n\n<p><div class=\"medzera\" ><\/div><div class=\"medzera\" ><\/div><\/p>\n\n\n\n<p><\/p>\n\n\n\n<div class=\"faq-container\">\n<h2>\u010casto kladen\u00e9 ot\u00e1zky<\/h2>\n<details>\n<summary>S\u00fa potrebn\u00e9 povolenia pre lietanie s dronom?<\/summary>\n<p>\u00c1no, na lietanie s dronom s\u00fa by\u0165 potrebn\u00e9 povolenia v z\u00e1vislosti od kateg\u00f3rie letu, hmotnosti dronu a miesta, kde lietame. Platn\u00e9 pravidl\u00e1 stanovuje EASA a Dopravn\u00fd \u00farad &#8211; div\u00edzia ciln\u00e9ho letectva.<\/p>\n<\/details>\n<details>\n<summary>Ak\u00fa kateg\u00f3riu dronov\u00e9ho opr\u00e1vnenia m\u00e1te? (Otvoren\u00e1, Osobitn\u00e1, Osved\u010den\u00e1)\n<\/summary>\n<p>M\u00e1me opr\u00e1vnenie v Osobitnej kateg\u00f3rii (Specific). Na\u0161e dronov\u00e9 oper\u00e1cie s\u00fa schv\u00e1len\u00e9 pod\u013ea dvoch individu\u00e1lnych SORA povolen\u00ed a z\u00e1rove\u0148 okrem A1\/A3 + A2 m\u00e1me \u00faspe\u0161ne absolvovan\u00e9 sk\u00fa\u0161ky pre \u0161tandardn\u00e9 scen\u00e1re STS-01 a STS-02. To n\u00e1m umo\u017e\u0148uje vykon\u00e1va\u0165 komplexnej\u0161ie lety, ktor\u00e9 presahuj\u00fa r\u00e1mec otvorenej kateg\u00f3rie, v s\u00falade s bezpe\u010dnostn\u00fdmi po\u017eiadavkami EASA a leteck\u00e9ho \u00faradu.<\/p>\n<\/details>\n<details>\n<summary>Ak\u00e9 ochrann\u00e9 prvky m\u00e1te na dronoch?<\/summary>\n<p>Na\u0161e drony s\u00fa vybaven\u00e9 viacer\u00fdmi bezpe\u010dnostn\u00fdmi prvkami. Be\u017ene n\u00e1s m\u00f4\u017eete vidie\u0165 lieta\u0165 s pad\u00e1kom, ochranou vrt\u00fa\u013e alebo syst\u00e9mom FTS (Flight Termination System), ktor\u00fd je povinn\u00fd pri letoch vo vzdu\u0161n\u00fdch priestoroch typu CTR.<\/p>\n<\/details>\n<details>\n<summary>S\u00fa va\u0161e drony poisten\u00e9?<\/summary>\n<p>\u00c1no, v\u0161etky na\u0161e drony s\u00fa riadne poisten\u00e9 v s\u00falade s platn\u00fdmi predpismi. M\u00e1me uzatvoren\u00e9 poistenie zodpovednosti za \u0161kodu, ktor\u00e9 pokr\u00fdva pr\u00edpadn\u00e9 rizik\u00e1 spojen\u00e9 s na\u0161imi letmi.<\/p>\n<\/details><details>\n<summary>M\u00e1te sk\u00fasenosti s lietan\u00edm v kontrolovanom vzdu\u0161nom priestore (napr. bl\u00edzko let\u00edsk)?\n<\/summary>\n<p>\u00c1no, m\u00e1me mnohoro\u010dn\u00e9 sk\u00fasenosti s lietan\u00edm v kontrolovanom vzdu\u0161nom priestore (CTR), vr\u00e1tane oblast\u00ed v bl\u00edzkosti let\u00edsk &#8211; v tomto pr\u00edpade napr. cel\u00e1 Bratislava. Na\u0161i dronisti maj\u00fa preh\u013ead o pravidl\u00e1ch a postupoch pre tieto oblasti a v\u017edy pred ka\u017ed\u00fdm letom zabezpe\u010dujeme potrebn\u00e9 povolenia od letiskovej ve\u017ee, aby sme dodr\u017eali v\u0161etky bezpe\u010dnostn\u00e9 a prev\u00e1dzkov\u00e9 predpisy. Lietame iba v oblastiach, kde s\u00fa splnen\u00e9 v\u0161etky podmienky na bezpe\u010dn\u00fd let.<\/p>\n<\/details><details>\n<summary>Maj\u00fa va\u0161i dronisti licenciu? <\/summary>\n<p>\u00c1no, sme jedni z m\u00e1la, ktor\u00ed m\u00e1me aktu\u00e1lne najvy\u0161\u0161ie mo\u017en\u00e9 eur\u00f3pske povolenia v osobitej kateg\u00f3rii SPECIFIC so sk\u00fa\u0161kami A1\/A2, A3, STS.<\/p>\n<\/details><\/div>\n\n\n\n<p><\/p>\n\n\n\n<p><\/p>\n","protected":false},"excerpt":{"rendered":"<p>Wir machen es nur legal Als eines der wenigen Unternehmen in der Slowakei f\u00fchren wir Drohnenfl\u00fcge LEGAL durch und haben alle Genehmigungen zum Betrieb von UAS. UAV-Registrierung Unsere Drohnen (UAS) der renommierten Marke DJI sind offiziell von der Europ\u00e4ischen Agentur f\u00fcr Flugsicherheit (EASA) zugelassen. Jede Drohne, die wir verwenden, ist im Luftfahrzeugregister der slowakischen Verkehrsbeh\u00f6rde eingetragen und wird regelm\u00e4\u00dfig \u00fcberpr\u00fcft.<span class=\"excerpt-more\">...<\/span><\/p>","protected":false},"author":1,"featured_media":6289,"parent":0,"menu_order":0,"comment_status":"closed","ping_status":"closed","template":"","meta":{"inline_featured_image":false,"footnotes":""},"class_list":["post-417","page","type-page","status-publish","has-post-thumbnail","hentry"],"yoast_head":"<!-- This site is optimized with the Yoast SEO plugin v27.4 - https:\/\/yoast.com\/product\/yoast-seo-wordpress\/ -->\n<title>Nat\u00e1\u010dame s dronmi 100% leg\u00e1lne | Zdronu<\/title>\n<meta name=\"description\" content=\"Sn\u00edmame 100% LEG\u00c1LNE, nahlasujeme lety na letisk\u00e1 a disponujeme v\u0161etk\u00fdmi povoleniami k prev\u00e1dzke bezpilotn\u00fdch lietadiel \u2013 dronov.\" \/>\n<meta name=\"robots\" content=\"index, follow, max-snippet:-1, max-image-preview:large, max-video-preview:-1\" \/>\n<link rel=\"canonical\" href=\"https:\/\/zdronu.sk\/de\/legislativa\/\" \/>\n<meta property=\"og:locale\" content=\"de_DE\" \/>\n<meta property=\"og:type\" content=\"article\" \/>\n<meta property=\"og:title\" content=\"Legislat\u00edva\" \/>\n<meta property=\"og:description\" content=\"Rob\u00edme to iba leg\u00e1lne. Vykon\u00e1vame leteck\u00e9 pr\u00e1ce 100% LEG\u00c1LNE a disponujeme v\u0161etk\u00fdmi povoleniami k prev\u00e1dzke bezpilotn\u00fdch lietadiel \u2013 dronov.\" \/>\n<meta property=\"og:url\" content=\"https:\/\/zdronu.sk\/de\/legislativa\/\" \/>\n<meta property=\"og:site_name\" content=\"Zdronu\" \/>\n<meta property=\"article:modified_time\" content=\"2025-05-19T15:44:33+00:00\" \/>\n<meta property=\"og:image\" content=\"https:\/\/zdronu.sk\/wp-content\/uploads\/2022\/11\/Legislativa-Mobile-Headerr.jpg\" \/>\n\t<meta property=\"og:image:width\" content=\"1920\" \/>\n\t<meta property=\"og:image:height\" content=\"1439\" \/>\n\t<meta property=\"og:image:type\" content=\"image\/jpeg\" \/>\n<meta name=\"twitter:card\" content=\"summary_large_image\" \/>\n<meta name=\"twitter:title\" content=\"Legislat\u00edva\" \/>\n<meta name=\"twitter:description\" content=\"Rob\u00edme to iba leg\u00e1lne. Vykon\u00e1vame leteck\u00e9 pr\u00e1ce 100% LEG\u00c1LNE a disponujeme v\u0161etk\u00fdmi povoleniami k prev\u00e1dzke bezpilotn\u00fdch lietadiel \u2013 dronov.\" \/>\n<meta name=\"twitter:image\" content=\"https:\/\/zdronu.sk\/wp-content\/uploads\/2022\/11\/Legislativa-Mobile-Headerr.jpg\" \/>\n<meta name=\"twitter:label1\" content=\"Gesch\u00e4tzte Lesezeit\" \/>\n\t<meta name=\"twitter:data1\" content=\"5\u00a0Minuten\" \/>\n<script type=\"application\/ld+json\" class=\"yoast-schema-graph\">{\"@context\":\"https:\\\/\\\/schema.org\",\"@graph\":[{\"@type\":\"WebPage\",\"@id\":\"https:\\\/\\\/zdronu.sk\\\/legislativa\\\/\",\"url\":\"https:\\\/\\\/zdronu.sk\\\/legislativa\\\/\",\"name\":\"Nat\u00e1\u010dame s dronmi 100% leg\u00e1lne | Zdronu\",\"isPartOf\":{\"@id\":\"https:\\\/\\\/zdronu.sk\\\/#website\"},\"primaryImageOfPage\":{\"@id\":\"https:\\\/\\\/zdronu.sk\\\/legislativa\\\/#primaryimage\"},\"image\":{\"@id\":\"https:\\\/\\\/zdronu.sk\\\/legislativa\\\/#primaryimage\"},\"thumbnailUrl\":\"https:\\\/\\\/zdronu.sk\\\/wp-content\\\/uploads\\\/2022\\\/11\\\/Legislativa-Mobile-Headerr.jpg\",\"datePublished\":\"2021-03-15T18:41:56+00:00\",\"dateModified\":\"2025-05-19T15:44:33+00:00\",\"description\":\"Sn\u00edmame 100% LEG\u00c1LNE, nahlasujeme lety na letisk\u00e1 a disponujeme v\u0161etk\u00fdmi povoleniami k prev\u00e1dzke bezpilotn\u00fdch lietadiel \u2013 dronov.\",\"breadcrumb\":{\"@id\":\"https:\\\/\\\/zdronu.sk\\\/legislativa\\\/#breadcrumb\"},\"inLanguage\":\"de\",\"potentialAction\":[{\"@type\":\"ReadAction\",\"target\":[\"https:\\\/\\\/zdronu.sk\\\/legislativa\\\/\"]}]},{\"@type\":\"ImageObject\",\"inLanguage\":\"de\",\"@id\":\"https:\\\/\\\/zdronu.sk\\\/legislativa\\\/#primaryimage\",\"url\":\"https:\\\/\\\/zdronu.sk\\\/wp-content\\\/uploads\\\/2022\\\/11\\\/Legislativa-Mobile-Headerr.jpg\",\"contentUrl\":\"https:\\\/\\\/zdronu.sk\\\/wp-content\\\/uploads\\\/2022\\\/11\\\/Legislativa-Mobile-Headerr.jpg\",\"width\":1920,\"height\":1439,\"caption\":\"Fotografia letiskovej dr\u00e1hy\"},{\"@type\":\"BreadcrumbList\",\"@id\":\"https:\\\/\\\/zdronu.sk\\\/legislativa\\\/#breadcrumb\",\"itemListElement\":[{\"@type\":\"ListItem\",\"position\":1,\"name\":\"Home\",\"item\":\"https:\\\/\\\/zdronu.sk\\\/\"},{\"@type\":\"ListItem\",\"position\":2,\"name\":\"Legislat\u00edva\"}]},{\"@type\":\"WebSite\",\"@id\":\"https:\\\/\\\/zdronu.sk\\\/#website\",\"url\":\"https:\\\/\\\/zdronu.sk\\\/\",\"name\":\"Zdronu\",\"description\":\"Profesion\u00e1lne leteck\u00e9 z\u00e1bery z dronu\",\"publisher\":{\"@id\":\"https:\\\/\\\/zdronu.sk\\\/#organization\"},\"alternateName\":\"Z dronu\",\"potentialAction\":[{\"@type\":\"SearchAction\",\"target\":{\"@type\":\"EntryPoint\",\"urlTemplate\":\"https:\\\/\\\/zdronu.sk\\\/?s={search_term_string}\"},\"query-input\":{\"@type\":\"PropertyValueSpecification\",\"valueRequired\":true,\"valueName\":\"search_term_string\"}}],\"inLanguage\":\"de\"},{\"@type\":\"Organization\",\"@id\":\"https:\\\/\\\/zdronu.sk\\\/#organization\",\"name\":\"Zdronu\",\"alternateName\":\"Z dronu\",\"url\":\"https:\\\/\\\/zdronu.sk\\\/\",\"logo\":{\"@type\":\"ImageObject\",\"inLanguage\":\"de\",\"@id\":\"https:\\\/\\\/zdronu.sk\\\/#\\\/schema\\\/logo\\\/image\\\/\",\"url\":\"https:\\\/\\\/zdronu.sk\\\/wp-content\\\/uploads\\\/2022\\\/12\\\/Zdronu-black4.png\",\"contentUrl\":\"https:\\\/\\\/zdronu.sk\\\/wp-content\\\/uploads\\\/2022\\\/12\\\/Zdronu-black4.png\",\"width\":800,\"height\":500,\"caption\":\"Zdronu\"},\"image\":{\"@id\":\"https:\\\/\\\/zdronu.sk\\\/#\\\/schema\\\/logo\\\/image\\\/\"}}]}<\/script>\n<!-- \/ Yoast SEO plugin. -->","yoast_head_json":{"title":"Wir filmen mit Drohnen 100% legal | Zdronu","description":"Wir filmen 100% LEGAL und melden Fl\u00fcge an Flugh\u00e4fen an. Wir besitzen alle Genehmigungen f\u00fcr den Drohnenbetrieb.","robots":{"index":"index","follow":"follow","max-snippet":"max-snippet:-1","max-image-preview":"max-image-preview:large","max-video-preview":"max-video-preview:-1"},"canonical":"https:\/\/zdronu.sk\/de\/legislativa\/","og_locale":"de_DE","og_type":"article","og_title":"Legislat\u00edva","og_description":"Rob\u00edme to iba leg\u00e1lne. Vykon\u00e1vame leteck\u00e9 pr\u00e1ce 100% LEG\u00c1LNE a disponujeme v\u0161etk\u00fdmi povoleniami k prev\u00e1dzke bezpilotn\u00fdch lietadiel \u2013 dronov.","og_url":"https:\/\/zdronu.sk\/de\/legislativa\/","og_site_name":"Zdronu","article_modified_time":"2025-05-19T15:44:33+00:00","og_image":[{"width":1920,"height":1439,"url":"https:\/\/zdronu.sk\/wp-content\/uploads\/2022\/11\/Legislativa-Mobile-Headerr.jpg","type":"image\/jpeg"}],"twitter_card":"summary_large_image","twitter_title":"Legislat\u00edva","twitter_description":"Rob\u00edme to iba leg\u00e1lne. Vykon\u00e1vame leteck\u00e9 pr\u00e1ce 100% LEG\u00c1LNE a disponujeme v\u0161etk\u00fdmi povoleniami k prev\u00e1dzke bezpilotn\u00fdch lietadiel \u2013 dronov.","twitter_image":"https:\/\/zdronu.sk\/wp-content\/uploads\/2022\/11\/Legislativa-Mobile-Headerr.jpg","twitter_misc":{"Gesch\u00e4tzte Lesezeit":"5\u00a0Minuten"},"schema":{"@context":"https:\/\/schema.org","@graph":[{"@type":"WebPage","@id":"https:\/\/zdronu.sk\/legislativa\/","url":"https:\/\/zdronu.sk\/legislativa\/","name":"Wir filmen mit Drohnen 100% legal | Zdronu","isPartOf":{"@id":"https:\/\/zdronu.sk\/#website"},"primaryImageOfPage":{"@id":"https:\/\/zdronu.sk\/legislativa\/#primaryimage"},"image":{"@id":"https:\/\/zdronu.sk\/legislativa\/#primaryimage"},"thumbnailUrl":"https:\/\/zdronu.sk\/wp-content\/uploads\/2022\/11\/Legislativa-Mobile-Headerr.jpg","datePublished":"2021-03-15T18:41:56+00:00","dateModified":"2025-05-19T15:44:33+00:00","description":"Wir filmen 100% LEGAL und melden Fl\u00fcge an Flugh\u00e4fen an. Wir besitzen alle Genehmigungen f\u00fcr den Drohnenbetrieb.","breadcrumb":{"@id":"https:\/\/zdronu.sk\/legislativa\/#breadcrumb"},"inLanguage":"de","potentialAction":[{"@type":"ReadAction","target":["https:\/\/zdronu.sk\/legislativa\/"]}]},{"@type":"ImageObject","inLanguage":"de","@id":"https:\/\/zdronu.sk\/legislativa\/#primaryimage","url":"https:\/\/zdronu.sk\/wp-content\/uploads\/2022\/11\/Legislativa-Mobile-Headerr.jpg","contentUrl":"https:\/\/zdronu.sk\/wp-content\/uploads\/2022\/11\/Legislativa-Mobile-Headerr.jpg","width":1920,"height":1439,"caption":"Fotografia letiskovej dr\u00e1hy"},{"@type":"BreadcrumbList","@id":"https:\/\/zdronu.sk\/legislativa\/#breadcrumb","itemListElement":[{"@type":"ListItem","position":1,"name":"Home","item":"https:\/\/zdronu.sk\/"},{"@type":"ListItem","position":2,"name":"Legislat\u00edva"}]},{"@type":"WebSite","@id":"https:\/\/zdronu.sk\/#website","url":"https:\/\/zdronu.sk\/","name":"Quelle","description":"Professionelle Drohnenaufnahmen aus der Luft","publisher":{"@id":"https:\/\/zdronu.sk\/#organization"},"alternateName":"Z dronu","potentialAction":[{"@type":"SearchAction","target":{"@type":"EntryPoint","urlTemplate":"https:\/\/zdronu.sk\/?s={search_term_string}"},"query-input":{"@type":"PropertyValueSpecification","valueRequired":true,"valueName":"search_term_string"}}],"inLanguage":"de"},{"@type":"Organization","@id":"https:\/\/zdronu.sk\/#organization","name":"Quelle","alternateName":"Z dronu","url":"https:\/\/zdronu.sk\/","logo":{"@type":"ImageObject","inLanguage":"de","@id":"https:\/\/zdronu.sk\/#\/schema\/logo\/image\/","url":"https:\/\/zdronu.sk\/wp-content\/uploads\/2022\/12\/Zdronu-black4.png","contentUrl":"https:\/\/zdronu.sk\/wp-content\/uploads\/2022\/12\/Zdronu-black4.png","width":800,"height":500,"caption":"Zdronu"},"image":{"@id":"https:\/\/zdronu.sk\/#\/schema\/logo\/image\/"}}]}},"_links":{"self":[{"href":"https:\/\/zdronu.sk\/de\/wp-json\/wp\/v2\/pages\/417","targetHints":{"allow":["GET"]}}],"collection":[{"href":"https:\/\/zdronu.sk\/de\/wp-json\/wp\/v2\/pages"}],"about":[{"href":"https:\/\/zdronu.sk\/de\/wp-json\/wp\/v2\/types\/page"}],"author":[{"embeddable":true,"href":"https:\/\/zdronu.sk\/de\/wp-json\/wp\/v2\/users\/1"}],"replies":[{"embeddable":true,"href":"https:\/\/zdronu.sk\/de\/wp-json\/wp\/v2\/comments?post=417"}],"version-history":[{"count":333,"href":"https:\/\/zdronu.sk\/de\/wp-json\/wp\/v2\/pages\/417\/revisions"}],"predecessor-version":[{"id":8693,"href":"https:\/\/zdronu.sk\/de\/wp-json\/wp\/v2\/pages\/417\/revisions\/8693"}],"wp:featuredmedia":[{"embeddable":true,"href":"https:\/\/zdronu.sk\/de\/wp-json\/wp\/v2\/media\/6289"}],"wp:attachment":[{"href":"https:\/\/zdronu.sk\/de\/wp-json\/wp\/v2\/media?parent=417"}],"curies":[{"name":"wp","href":"https:\/\/api.w.org\/{rel}","templated":true}]}}