{"id":433,"date":"2021-03-15T18:44:00","date_gmt":"2021-03-15T18:44:00","guid":{"rendered":"https:\/\/zdronu.sk\/?page_id=433"},"modified":"2025-05-19T14:19:36","modified_gmt":"2025-05-19T14:19:36","slug":"letecka-videobanka-zdronu","status":"publish","type":"page","link":"https:\/\/zdronu.sk\/de\/sluzby\/letecka-videobanka-zdronu\/","title":{"rendered":"#zdronu Luftbild-Videobank"},"content":{"rendered":"<div class=\"wp-block-image ikonka vlavo\">\n<figure class=\"aligncenter size-large is-resized\"><img decoding=\"async\" src=\"https:\/\/zdronu.sk\/wp-content\/uploads\/2021\/08\/Asset-12.svg\" alt=\"\" style=\"width:201px;height:155px\"\/><\/figure>\n<\/div>\n\n\n<h2 class=\"wp-block-heading has-text-align-center Green\" id=\"predaj-fotografii-a-video-zaberov-zdronu\">Erhalten Sie Zugang zu unseren Fotos und Videos <span class=\"green\">von einer Drohne<\/span><\/h2>\n\n\n\n<p><\/p>\n\n\n\n<p class=\"has-text-align-center\">        Ben\u00f6tigen Sie f\u00fcr Ihr Projekt eine Aufnahme einer Stadt oder der Natur, aber die aktuelle Jahreszeit ist nicht gerade f\u00fcr Drohnenfl\u00fcge geeignet?&nbsp;<\/p>\n\n\n\n<div class=\"medzera\" ><\/div>\n\n\n\n<p class=\"has-text-align-left\"><\/div><div class=\"home-referencie\">\n<div class=\"home-referencie-wrap\"><\/p>\n\n\n<p><img loading=\"lazy\" decoding=\"async\" class=\"alignnone wp-image-2929\" src=\"https:\/\/zdronu.sk\/wp-content\/uploads\/2022\/01\/telekom_grid.png\" alt=\"\" width=\"252\" height=\"252\" srcset=\"https:\/\/zdronu.sk\/wp-content\/uploads\/2022\/01\/telekom_grid.png 500w, https:\/\/zdronu.sk\/wp-content\/uploads\/2022\/01\/telekom_grid-300x300.png 300w, https:\/\/zdronu.sk\/wp-content\/uploads\/2022\/01\/telekom_grid-150x150.png 150w\" sizes=\"auto, (max-width: 252px) 100vw, 252px\" \/> <img loading=\"lazy\" decoding=\"async\" class=\"alignnone wp-image-2928\" src=\"https:\/\/zdronu.sk\/wp-content\/uploads\/2022\/01\/Schuco_Grid-2.png\" alt=\"\" width=\"269\" height=\"269\" srcset=\"https:\/\/zdronu.sk\/wp-content\/uploads\/2022\/01\/Schuco_Grid-2.png 500w, https:\/\/zdronu.sk\/wp-content\/uploads\/2022\/01\/Schuco_Grid-2-300x300.png 300w, https:\/\/zdronu.sk\/wp-content\/uploads\/2022\/01\/Schuco_Grid-2-150x150.png 150w\" sizes=\"auto, (max-width: 269px) 100vw, 269px\" \/> <strong><img loading=\"lazy\" decoding=\"async\" class=\"alignnone wp-image-2927\" src=\"https:\/\/zdronu.sk\/wp-content\/uploads\/2022\/01\/Oreo_grid.png\" alt=\"\" width=\"200\" height=\"200\" srcset=\"https:\/\/zdronu.sk\/wp-content\/uploads\/2022\/01\/Oreo_grid.png 500w, https:\/\/zdronu.sk\/wp-content\/uploads\/2022\/01\/Oreo_grid-300x300.png 300w, https:\/\/zdronu.sk\/wp-content\/uploads\/2022\/01\/Oreo_grid-150x150.png 150w\" sizes=\"auto, (max-width: 200px) 100vw, 200px\" \/><\/strong> <img loading=\"lazy\" decoding=\"async\" class=\"alignnone wp-image-2926\" src=\"https:\/\/zdronu.sk\/wp-content\/uploads\/2022\/01\/Hitchikers_grid-3.png\" alt=\"\" width=\"319\" height=\"319\" srcset=\"https:\/\/zdronu.sk\/wp-content\/uploads\/2022\/01\/Hitchikers_grid-3.png 500w, https:\/\/zdronu.sk\/wp-content\/uploads\/2022\/01\/Hitchikers_grid-3-300x300.png 300w, https:\/\/zdronu.sk\/wp-content\/uploads\/2022\/01\/Hitchikers_grid-3-150x150.png 150w\" sizes=\"auto, (max-width: 319px) 100vw, 319px\" \/> <img loading=\"lazy\" decoding=\"async\" class=\"alignnone wp-image-2925\" src=\"https:\/\/zdronu.sk\/wp-content\/uploads\/2022\/01\/Grandpano_grid-1.png\" alt=\"\" width=\"312\" height=\"312\" srcset=\"https:\/\/zdronu.sk\/wp-content\/uploads\/2022\/01\/Grandpano_grid-1.png 500w, https:\/\/zdronu.sk\/wp-content\/uploads\/2022\/01\/Grandpano_grid-1-300x300.png 300w, https:\/\/zdronu.sk\/wp-content\/uploads\/2022\/01\/Grandpano_grid-1-150x150.png 150w\" sizes=\"auto, (max-width: 312px) 100vw, 312px\" \/> <img loading=\"lazy\" decoding=\"async\" class=\"alignnone wp-image-2924\" src=\"https:\/\/zdronu.sk\/wp-content\/uploads\/2022\/01\/endrius_grid-1.png\" alt=\"\" width=\"330\" height=\"330\" srcset=\"https:\/\/zdronu.sk\/wp-content\/uploads\/2022\/01\/endrius_grid-1.png 500w, https:\/\/zdronu.sk\/wp-content\/uploads\/2022\/01\/endrius_grid-1-300x300.png 300w, https:\/\/zdronu.sk\/wp-content\/uploads\/2022\/01\/endrius_grid-1-150x150.png 150w\" sizes=\"auto, (max-width: 330px) 100vw, 330px\" \/> <img loading=\"lazy\" decoding=\"async\" class=\"alignnone wp-image-2923\" src=\"https:\/\/zdronu.sk\/wp-content\/uploads\/2022\/01\/BTB_Grid-1.png\" alt=\"\" width=\"370\" height=\"370\" srcset=\"https:\/\/zdronu.sk\/wp-content\/uploads\/2022\/01\/BTB_Grid-1.png 500w, https:\/\/zdronu.sk\/wp-content\/uploads\/2022\/01\/BTB_Grid-1-300x300.png 300w, https:\/\/zdronu.sk\/wp-content\/uploads\/2022\/01\/BTB_Grid-1-150x150.png 150w\" sizes=\"auto, (max-width: 370px) 100vw, 370px\" \/> <img loading=\"lazy\" decoding=\"async\" class=\"alignnone wp-image-2922\" src=\"https:\/\/zdronu.sk\/wp-content\/uploads\/2022\/01\/BFC_Grid-1.png\" alt=\"\" width=\"314\" height=\"314\" srcset=\"https:\/\/zdronu.sk\/wp-content\/uploads\/2022\/01\/BFC_Grid-1.png 500w, https:\/\/zdronu.sk\/wp-content\/uploads\/2022\/01\/BFC_Grid-1-300x300.png 300w, https:\/\/zdronu.sk\/wp-content\/uploads\/2022\/01\/BFC_Grid-1-150x150.png 150w\" sizes=\"auto, (max-width: 314px) 100vw, 314px\" \/> <img loading=\"lazy\" decoding=\"async\" class=\"alignnone wp-image-2920\" src=\"https:\/\/zdronu.sk\/wp-content\/uploads\/2022\/01\/lgdesign_grid.png\" alt=\"\" width=\"372\" height=\"372\" srcset=\"https:\/\/zdronu.sk\/wp-content\/uploads\/2022\/01\/lgdesign_grid.png 500w, https:\/\/zdronu.sk\/wp-content\/uploads\/2022\/01\/lgdesign_grid-300x300.png 300w, https:\/\/zdronu.sk\/wp-content\/uploads\/2022\/01\/lgdesign_grid-150x150.png 150w\" sizes=\"auto, (max-width: 372px) 100vw, 372px\" \/> <img loading=\"lazy\" decoding=\"async\" class=\"alignnone wp-image-2918\" src=\"https:\/\/zdronu.sk\/wp-content\/uploads\/2022\/01\/Doublej_grid_2.png\" alt=\"\" width=\"367\" height=\"367\" srcset=\"https:\/\/zdronu.sk\/wp-content\/uploads\/2022\/01\/Doublej_grid_2.png 500w, https:\/\/zdronu.sk\/wp-content\/uploads\/2022\/01\/Doublej_grid_2-300x300.png 300w, https:\/\/zdronu.sk\/wp-content\/uploads\/2022\/01\/Doublej_grid_2-150x150.png 150w\" sizes=\"auto, (max-width: 367px) 100vw, 367px\" \/><img loading=\"lazy\" decoding=\"async\" class=\"alignnone  wp-image-3032\" src=\"https:\/\/zdronu.sk\/wp-content\/uploads\/2022\/01\/ufo_grid-1.png\" alt=\"\" width=\"341\" height=\"341\" srcset=\"https:\/\/zdronu.sk\/wp-content\/uploads\/2022\/01\/ufo_grid-1.png 500w, https:\/\/zdronu.sk\/wp-content\/uploads\/2022\/01\/ufo_grid-1-300x300.png 300w, https:\/\/zdronu.sk\/wp-content\/uploads\/2022\/01\/ufo_grid-1-150x150.png 150w\" sizes=\"auto, (max-width: 341px) 100vw, 341px\" \/> <img loading=\"lazy\" decoding=\"async\" class=\"alignnone  wp-image-2870\" src=\"https:\/\/zdronu.sk\/wp-content\/uploads\/2022\/01\/Hb_grid.png\" alt=\"\" width=\"282\" height=\"282\" srcset=\"https:\/\/zdronu.sk\/wp-content\/uploads\/2022\/01\/Hb_grid.png 500w, https:\/\/zdronu.sk\/wp-content\/uploads\/2022\/01\/Hb_grid-300x300.png 300w, https:\/\/zdronu.sk\/wp-content\/uploads\/2022\/01\/Hb_grid-150x150.png 150w\" sizes=\"auto, (max-width: 282px) 100vw, 282px\" \/> <img loading=\"lazy\" decoding=\"async\" class=\"alignnone  wp-image-2871\" src=\"https:\/\/zdronu.sk\/wp-content\/uploads\/2022\/01\/Heatin_grid.png\" alt=\"\" width=\"312\" height=\"312\" srcset=\"https:\/\/zdronu.sk\/wp-content\/uploads\/2022\/01\/Heatin_grid.png 500w, https:\/\/zdronu.sk\/wp-content\/uploads\/2022\/01\/Heatin_grid-300x300.png 300w, https:\/\/zdronu.sk\/wp-content\/uploads\/2022\/01\/Heatin_grid-150x150.png 150w\" sizes=\"auto, (max-width: 312px) 100vw, 312px\" \/> \u00a0<img loading=\"lazy\" decoding=\"async\" class=\"alignnone  wp-image-2886\" src=\"https:\/\/zdronu.sk\/wp-content\/uploads\/2022\/01\/Revers_Grid-1.png\" alt=\"\" width=\"269\" height=\"269\" srcset=\"https:\/\/zdronu.sk\/wp-content\/uploads\/2022\/01\/Revers_Grid-1.png 500w, https:\/\/zdronu.sk\/wp-content\/uploads\/2022\/01\/Revers_Grid-1-300x300.png 300w, https:\/\/zdronu.sk\/wp-content\/uploads\/2022\/01\/Revers_Grid-1-150x150.png 150w\" sizes=\"auto, (max-width: 269px) 100vw, 269px\" \/> <img loading=\"lazy\" decoding=\"async\" class=\"alignnone  wp-image-2885\" src=\"https:\/\/zdronu.sk\/wp-content\/uploads\/2022\/01\/OV_Grid-1.png\" alt=\"\" width=\"275\" height=\"275\" srcset=\"https:\/\/zdronu.sk\/wp-content\/uploads\/2022\/01\/OV_Grid-1.png 500w, https:\/\/zdronu.sk\/wp-content\/uploads\/2022\/01\/OV_Grid-1-300x300.png 300w, https:\/\/zdronu.sk\/wp-content\/uploads\/2022\/01\/OV_Grid-1-150x150.png 150w\" sizes=\"auto, (max-width: 275px) 100vw, 275px\" \/><\/p>\n\n\n<p>  <\/div><\/div><div class=\"center poreferencii\"><\/p>\n\n\n\n<p><meta charset=\"utf-8\">    <\/div>\n\t\t    <\/div>\n\t    <div class=\"section page\" style=\"background: ;\" id=\"\">\n\t\t\n\t\n\t\t\t<div class=\"center\" >\t\n\t\t\t\n\n\t\t\t<\/p>\n\n\n\n<h2 class=\"wp-block-heading has-text-align-center\" id=\"hlavicky-webu\">Kopfzeilen der Website<\/h2>\n\n\n\n<p class=\"has-text-align-center\">\u00dcber mehrere Jahre hinweg haben wir eine umfangreiche Datenbank mit Drohnenfotos und -videos aufgebaut, die legal aufgenommene 4K-5K-Videobilder und RAW-Fotos enth\u00e4lt. Wir bieten Drohnenaufnahmen aus allen Ecken der Slowakei, vom Westen bis zum Osten, aufgenommen oder fotografiert zu verschiedenen Jahres- und Tageszeiten, die eine einzigartige Atmosph\u00e4re ausstrahlen.<br><\/p>\n\n\n\n<div class=\"medzera\" style=\"height: 50px\"><\/div>\n\n\n\n<video class=\"desktop video\" poster=\"\" preload=\"auto\" loop=\"\" autoplay=\"\" muted=\"\" height=\"350px\" width=\"100%\" style=\"object-fit: cover; border-radius: 15px; box-shadow: 0px 3px 5px rgba(0,0,0,0.05);\"><source type=\"video\/mp4\" src=\"https:\/\/zdronu.sk\/wp-content\/uploads\/2022\/05\/Stock-1.mov\"><\/video>\n\n<video class=\"desktop video\" poster=\"\" preload=\"auto\" loop=\"\" autoplay=\"\" muted=\"\" height=\"350px\" width=\"100%\" style=\"object-fit: cover; border-radius: 15px; box-shadow: 0px 3px 5px rgba(0,0,0,0.05);\"><source type=\"video\/mp4\" src=\"https:\/\/zdronu.sk\/wp-content\/uploads\/2022\/05\/Stock-2.mov\"><\/video>\n\n<video class=\"desktop video\" poster=\"\" preload=\"auto\" loop=\"\" autoplay=\"\" muted=\"\" height=\"350px\" width=\"100%\" style=\"object-fit: cover; border-radius: 15px; box-shadow: 0px 3px 5px rgba(0,0,0,0.05);\"><source type=\"video\/mp4\" src=\"https:\/\/zdronu.sk\/wp-content\/uploads\/2022\/05\/Stock-3.mp4\"><\/video>\n\n\n\n<video class=\"mobile\" poster=\"\" preload=\"auto\" loop=\"\" controls=\"\" autoplay=\"\" muted=\"\" height=\"300px\" width=\"100%\" style=\"object-fit: cover; border-radius: 15px; box-shadow: 0px 3px 5px rgba(0,0,0,0.05);\"><source type=\"video\/mp4\" src=\"https:\/\/zdronu.sk\/wp-content\/uploads\/2022\/05\/Stock-1.mov\"><\/video>\n\n<video class=\"mobile\" poster=\"\" preload=\"auto\" loop=\"\" controls=\"\" autoplay=\"\" muted=\"\" height=\"300px\" width=\"100%\" style=\"object-fit: cover; border-radius: 15px; box-shadow: 0px 3px 5px rgba(0,0,0,0.05);\"><source type=\"video\/mp4\" src=\"https:\/\/zdronu.sk\/wp-content\/uploads\/2022\/05\/Stock-2.mov\"><\/video>\n\n<video class=\"mobile\" poster=\"\" preload=\"auto\" loop=\"\" controls=\"\" autoplay=\"\" muted=\"\" height=\"300px\" width=\"100%\" style=\"object-fit: cover; border-radius: 15px; box-shadow: 0px 3px 5px rgba(0,0,0,0.05);\"><source type=\"video\/mp4\" src=\"https:\/\/zdronu.sk\/wp-content\/uploads\/2022\/05\/Stock-3.mp4\"><\/video>\n\n\n\n<p><\/p>\n\n\n\n<div class=\"medzera\" ><\/div>\n\n\n\n<div class=\"okna okna4 sp3\"><div class=\"okno haba\">\n\n\n\n<p class=\"nadpisy\"><strong>KMU F\u00c9R <\/strong><\/p>\n\n\n\n<p>Ausgew\u00e4hltes Material in bestm\u00f6glicher Qualit\u00e4t und \u00e4lteres Filmmaterial verkaufen wir g\u00fcnstiger!<\/p>\n\n\n\n<\/div><div class=\"okno sp1\" id=\"\">\n\n\n\n<p class=\"nadpisy\"><b>KOPFZEILEN F\u00dcR IHRE WEBSITE<\/b><\/p>\n\n\n\n<p>Sie ben\u00f6tigen ein kurzes Video mit Luftaufnahmen f\u00fcr Ihren Website-Header? Wir schneiden und optimieren es gerne f\u00fcr Sie.<\/p>\n\n\n\n<\/div><div class=\"okno sp2\" id=\"\">\n\n\n\n<p class=\"nadpisy\"><b>HINTER DEN GRENZEN<\/b><\/p>\n\n\n\n<p class=\"vh\">Die Datenbank enth\u00e4lt auch Filmmaterial aus L\u00e4ndern wie Chicago, der Schweiz, den F\u00e4r\u00f6er-Inseln, Schottland, Irland, Rum\u00e4nien, den Azoren, Kroatien und den Kanarischen Inseln.<\/p>\n\n\n\n<\/div><div class=\"okno sp1\" id=\"\">\n\n\n\n<p class=\"nadpisy\"><b><strong>DIVERSIT\u00c4T<\/strong><\/b><\/p>\n\n\n\n<p>Wir haben fast jeden Winkel der Slowakei beflogen! St\u00e4dte, D\u00f6rfer, Schl\u00f6sser, Verwaltungsgeb\u00e4ude und Wohnsiedlungen, Kirchen, Berge und Wiesen.<\/p>\n\n\n\n<\/div><\/div>\n\n\n\n<p><\/p>\n\n\n\n<div class=\"medzera\" ><\/div>","protected":false},"excerpt":{"rendered":"<p>Erhalten Sie Zugang zu unseren Drohnenfotos und -videos Ben\u00f6tigen Sie f\u00fcr Ihr Projekt eine Aufnahme der Stadt oder der Natur, aber die aktuelle Jahreszeit ist nicht geeignet, um eine Drohne zu fliegen?  Site Headers Im Laufe der Jahre haben wir eine umfangreiche Datenbank mit Drohnenfotos und -videos aufgebaut, die legal aufgenommenes 4K-5K-Videomaterial und RAW-Fotos enth\u00e4lt. Wir bieten Drohnen-Filmmaterial<span class=\"excerpt-more\">...<\/span><\/p>","protected":false},"author":1,"featured_media":6100,"parent":413,"menu_order":5,"comment_status":"closed","ping_status":"closed","template":"","meta":{"inline_featured_image":false,"footnotes":""},"class_list":["post-433","page","type-page","status-publish","has-post-thumbnail","hentry"],"yoast_head":"<!-- This site is optimized with the Yoast SEO plugin v27.5 - https:\/\/yoast.com\/product\/yoast-seo-wordpress\/ -->\n<title>Videobanka a fotobanka dronov\u00fdch z\u00e1berov | Zdronu<\/title>\n<meta name=\"description\" content=\"Na\u0161a videobanka a fotobanka je pln\u00e1 autentick\u00fdch a origin\u00e1lnych dronov\u00fdch z\u00e1berov \u2705 Kontaktujte n\u00e1s a radi v\u00e1m s v\u00fdberom spr\u00e1vnych z\u00e1berov pom\u00f4\u017eeme!\" \/>\n<meta name=\"robots\" content=\"index, follow, max-snippet:-1, max-image-preview:large, max-video-preview:-1\" \/>\n<link rel=\"canonical\" href=\"https:\/\/zdronu.sk\/de\/sluzby\/letecka-videobanka-zdronu\/\" \/>\n<meta property=\"og:locale\" content=\"de_DE\" \/>\n<meta property=\"og:type\" content=\"article\" \/>\n<meta property=\"og:title\" content=\"Leteck\u00e1 videobanka #zdronu\" \/>\n<meta property=\"og:description\" content=\"Potrebujete do svojho projektu jeden z\u00e1ber mesta alebo pr\u00edrody, no aktu\u00e1lne obdobie nie je pr\u00e1ve vhodn\u00e9 na lietanie s dronom?\" \/>\n<meta property=\"og:url\" content=\"https:\/\/zdronu.sk\/de\/sluzby\/letecka-videobanka-zdronu\/\" \/>\n<meta property=\"og:site_name\" content=\"Zdronu\" \/>\n<meta property=\"article:modified_time\" content=\"2025-05-19T14:19:36+00:00\" \/>\n<meta property=\"og:image\" content=\"https:\/\/zdronu.sk\/wp-content\/uploads\/2022\/10\/Videobanka-mobile-header-e1680700945996.jpg\" \/>\n\t<meta property=\"og:image:width\" content=\"1440\" \/>\n\t<meta property=\"og:image:height\" content=\"1439\" \/>\n\t<meta property=\"og:image:type\" content=\"image\/jpeg\" \/>\n<meta name=\"twitter:card\" content=\"summary_large_image\" \/>\n<meta name=\"twitter:title\" content=\"Leteck\u00e1 videobanka #zdronu\" \/>\n<meta name=\"twitter:description\" content=\"Potrebujete do svojho projektu jeden z\u00e1ber mesta alebo pr\u00edrody, no aktu\u00e1lne obdobie nie je pr\u00e1ve vhodn\u00e9 na lietanie s dronom?\" \/>\n<meta name=\"twitter:image\" content=\"https:\/\/zdronu.sk\/wp-content\/uploads\/2022\/10\/Videobanka-mobile-header-e1680700945996.jpg\" \/>\n<meta name=\"twitter:label1\" content=\"Gesch\u00e4tzte Lesezeit\" \/>\n\t<meta name=\"twitter:data1\" content=\"5\u00a0Minuten\" \/>\n<script type=\"application\/ld+json\" class=\"yoast-schema-graph\">{\"@context\":\"https:\\\/\\\/schema.org\",\"@graph\":[{\"@type\":\"WebPage\",\"@id\":\"https:\\\/\\\/zdronu.sk\\\/sluzby\\\/letecka-videobanka-zdronu\\\/\",\"url\":\"https:\\\/\\\/zdronu.sk\\\/sluzby\\\/letecka-videobanka-zdronu\\\/\",\"name\":\"Videobanka a fotobanka dronov\u00fdch z\u00e1berov | Zdronu\",\"isPartOf\":{\"@id\":\"https:\\\/\\\/zdronu.sk\\\/#website\"},\"primaryImageOfPage\":{\"@id\":\"https:\\\/\\\/zdronu.sk\\\/sluzby\\\/letecka-videobanka-zdronu\\\/#primaryimage\"},\"image\":{\"@id\":\"https:\\\/\\\/zdronu.sk\\\/sluzby\\\/letecka-videobanka-zdronu\\\/#primaryimage\"},\"thumbnailUrl\":\"https:\\\/\\\/zdronu.sk\\\/wp-content\\\/uploads\\\/2022\\\/10\\\/Videobanka-mobile-header-e1680700945996.jpg\",\"datePublished\":\"2021-03-15T18:44:00+00:00\",\"dateModified\":\"2025-05-19T14:19:36+00:00\",\"description\":\"Na\u0161a videobanka a fotobanka je pln\u00e1 autentick\u00fdch a origin\u00e1lnych dronov\u00fdch z\u00e1berov \u2705 Kontaktujte n\u00e1s a radi v\u00e1m s v\u00fdberom spr\u00e1vnych z\u00e1berov pom\u00f4\u017eeme!\",\"breadcrumb\":{\"@id\":\"https:\\\/\\\/zdronu.sk\\\/sluzby\\\/letecka-videobanka-zdronu\\\/#breadcrumb\"},\"inLanguage\":\"de\",\"potentialAction\":[{\"@type\":\"ReadAction\",\"target\":[\"https:\\\/\\\/zdronu.sk\\\/sluzby\\\/letecka-videobanka-zdronu\\\/\"]}]},{\"@type\":\"ImageObject\",\"inLanguage\":\"de\",\"@id\":\"https:\\\/\\\/zdronu.sk\\\/sluzby\\\/letecka-videobanka-zdronu\\\/#primaryimage\",\"url\":\"https:\\\/\\\/zdronu.sk\\\/wp-content\\\/uploads\\\/2022\\\/10\\\/Videobanka-mobile-header-e1680700945996.jpg\",\"contentUrl\":\"https:\\\/\\\/zdronu.sk\\\/wp-content\\\/uploads\\\/2022\\\/10\\\/Videobanka-mobile-header-e1680700945996.jpg\",\"width\":1440,\"height\":1439,\"caption\":\"Z\u00e1pad slnka s dominantou UFO\"},{\"@type\":\"BreadcrumbList\",\"@id\":\"https:\\\/\\\/zdronu.sk\\\/sluzby\\\/letecka-videobanka-zdronu\\\/#breadcrumb\",\"itemListElement\":[{\"@type\":\"ListItem\",\"position\":1,\"name\":\"Home\",\"item\":\"https:\\\/\\\/zdronu.sk\\\/\"},{\"@type\":\"ListItem\",\"position\":2,\"name\":\"Na\u0161e slu\u017eby\",\"item\":\"https:\\\/\\\/zdronu.sk\\\/sluzby\\\/\"},{\"@type\":\"ListItem\",\"position\":3,\"name\":\"Leteck\u00e1 videobanka #zdronu\"}]},{\"@type\":\"WebSite\",\"@id\":\"https:\\\/\\\/zdronu.sk\\\/#website\",\"url\":\"https:\\\/\\\/zdronu.sk\\\/\",\"name\":\"Zdronu\",\"description\":\"Profesion\u00e1lne leteck\u00e9 z\u00e1bery z dronu\",\"publisher\":{\"@id\":\"https:\\\/\\\/zdronu.sk\\\/#organization\"},\"alternateName\":\"Z dronu\",\"potentialAction\":[{\"@type\":\"SearchAction\",\"target\":{\"@type\":\"EntryPoint\",\"urlTemplate\":\"https:\\\/\\\/zdronu.sk\\\/?s={search_term_string}\"},\"query-input\":{\"@type\":\"PropertyValueSpecification\",\"valueRequired\":true,\"valueName\":\"search_term_string\"}}],\"inLanguage\":\"de\"},{\"@type\":\"Organization\",\"@id\":\"https:\\\/\\\/zdronu.sk\\\/#organization\",\"name\":\"Zdronu\",\"alternateName\":\"Z dronu\",\"url\":\"https:\\\/\\\/zdronu.sk\\\/\",\"logo\":{\"@type\":\"ImageObject\",\"inLanguage\":\"de\",\"@id\":\"https:\\\/\\\/zdronu.sk\\\/#\\\/schema\\\/logo\\\/image\\\/\",\"url\":\"https:\\\/\\\/zdronu.sk\\\/wp-content\\\/uploads\\\/2022\\\/12\\\/Zdronu-black4.png\",\"contentUrl\":\"https:\\\/\\\/zdronu.sk\\\/wp-content\\\/uploads\\\/2022\\\/12\\\/Zdronu-black4.png\",\"width\":800,\"height\":500,\"caption\":\"Zdronu\"},\"image\":{\"@id\":\"https:\\\/\\\/zdronu.sk\\\/#\\\/schema\\\/logo\\\/image\\\/\"}}]}<\/script>\n<!-- \/ Yoast SEO plugin. -->","yoast_head_json":{"title":"Videobank und Fotobank mit Drohnenaufnahmen | Zdronu","description":"Unsere Video- und Fotobibliothek ist voll mit authentischen Drohnenaufnahmen \u2705 Kontaktieren Sie uns, wir helfen Ihnen bei der Auswahl!","robots":{"index":"index","follow":"follow","max-snippet":"max-snippet:-1","max-image-preview":"max-image-preview:large","max-video-preview":"max-video-preview:-1"},"canonical":"https:\/\/zdronu.sk\/de\/sluzby\/letecka-videobanka-zdronu\/","og_locale":"de_DE","og_type":"article","og_title":"Leteck\u00e1 videobanka #zdronu","og_description":"Potrebujete do svojho projektu jeden z\u00e1ber mesta alebo pr\u00edrody, no aktu\u00e1lne obdobie nie je pr\u00e1ve vhodn\u00e9 na lietanie s dronom?","og_url":"https:\/\/zdronu.sk\/de\/sluzby\/letecka-videobanka-zdronu\/","og_site_name":"Zdronu","article_modified_time":"2025-05-19T14:19:36+00:00","og_image":[{"width":1440,"height":1439,"url":"https:\/\/zdronu.sk\/wp-content\/uploads\/2022\/10\/Videobanka-mobile-header-e1680700945996.jpg","type":"image\/jpeg"}],"twitter_card":"summary_large_image","twitter_title":"Leteck\u00e1 videobanka #zdronu","twitter_description":"Potrebujete do svojho projektu jeden z\u00e1ber mesta alebo pr\u00edrody, no aktu\u00e1lne obdobie nie je pr\u00e1ve vhodn\u00e9 na lietanie s dronom?","twitter_image":"https:\/\/zdronu.sk\/wp-content\/uploads\/2022\/10\/Videobanka-mobile-header-e1680700945996.jpg","twitter_misc":{"Gesch\u00e4tzte Lesezeit":"5\u00a0Minuten"},"schema":{"@context":"https:\/\/schema.org","@graph":[{"@type":"WebPage","@id":"https:\/\/zdronu.sk\/sluzby\/letecka-videobanka-zdronu\/","url":"https:\/\/zdronu.sk\/sluzby\/letecka-videobanka-zdronu\/","name":"Videobank und Fotobank mit Drohnenaufnahmen | Zdronu","isPartOf":{"@id":"https:\/\/zdronu.sk\/#website"},"primaryImageOfPage":{"@id":"https:\/\/zdronu.sk\/sluzby\/letecka-videobanka-zdronu\/#primaryimage"},"image":{"@id":"https:\/\/zdronu.sk\/sluzby\/letecka-videobanka-zdronu\/#primaryimage"},"thumbnailUrl":"https:\/\/zdronu.sk\/wp-content\/uploads\/2022\/10\/Videobanka-mobile-header-e1680700945996.jpg","datePublished":"2021-03-15T18:44:00+00:00","dateModified":"2025-05-19T14:19:36+00:00","description":"Unsere Video- und Fotobibliothek ist voll mit authentischen Drohnenaufnahmen \u2705 Kontaktieren Sie uns, wir helfen Ihnen bei der Auswahl!","breadcrumb":{"@id":"https:\/\/zdronu.sk\/sluzby\/letecka-videobanka-zdronu\/#breadcrumb"},"inLanguage":"de","potentialAction":[{"@type":"ReadAction","target":["https:\/\/zdronu.sk\/sluzby\/letecka-videobanka-zdronu\/"]}]},{"@type":"ImageObject","inLanguage":"de","@id":"https:\/\/zdronu.sk\/sluzby\/letecka-videobanka-zdronu\/#primaryimage","url":"https:\/\/zdronu.sk\/wp-content\/uploads\/2022\/10\/Videobanka-mobile-header-e1680700945996.jpg","contentUrl":"https:\/\/zdronu.sk\/wp-content\/uploads\/2022\/10\/Videobanka-mobile-header-e1680700945996.jpg","width":1440,"height":1439,"caption":"Z\u00e1pad slnka s dominantou UFO"},{"@type":"BreadcrumbList","@id":"https:\/\/zdronu.sk\/sluzby\/letecka-videobanka-zdronu\/#breadcrumb","itemListElement":[{"@type":"ListItem","position":1,"name":"Home","item":"https:\/\/zdronu.sk\/"},{"@type":"ListItem","position":2,"name":"Na\u0161e slu\u017eby","item":"https:\/\/zdronu.sk\/sluzby\/"},{"@type":"ListItem","position":3,"name":"Leteck\u00e1 videobanka #zdronu"}]},{"@type":"WebSite","@id":"https:\/\/zdronu.sk\/#website","url":"https:\/\/zdronu.sk\/","name":"Quelle","description":"Professionelle Drohnenaufnahmen aus der Luft","publisher":{"@id":"https:\/\/zdronu.sk\/#organization"},"alternateName":"Z dronu","potentialAction":[{"@type":"SearchAction","target":{"@type":"EntryPoint","urlTemplate":"https:\/\/zdronu.sk\/?s={search_term_string}"},"query-input":{"@type":"PropertyValueSpecification","valueRequired":true,"valueName":"search_term_string"}}],"inLanguage":"de"},{"@type":"Organization","@id":"https:\/\/zdronu.sk\/#organization","name":"Quelle","alternateName":"Z dronu","url":"https:\/\/zdronu.sk\/","logo":{"@type":"ImageObject","inLanguage":"de","@id":"https:\/\/zdronu.sk\/#\/schema\/logo\/image\/","url":"https:\/\/zdronu.sk\/wp-content\/uploads\/2022\/12\/Zdronu-black4.png","contentUrl":"https:\/\/zdronu.sk\/wp-content\/uploads\/2022\/12\/Zdronu-black4.png","width":800,"height":500,"caption":"Zdronu"},"image":{"@id":"https:\/\/zdronu.sk\/#\/schema\/logo\/image\/"}}]}},"_links":{"self":[{"href":"https:\/\/zdronu.sk\/de\/wp-json\/wp\/v2\/pages\/433","targetHints":{"allow":["GET"]}}],"collection":[{"href":"https:\/\/zdronu.sk\/de\/wp-json\/wp\/v2\/pages"}],"about":[{"href":"https:\/\/zdronu.sk\/de\/wp-json\/wp\/v2\/types\/page"}],"author":[{"embeddable":true,"href":"https:\/\/zdronu.sk\/de\/wp-json\/wp\/v2\/users\/1"}],"replies":[{"embeddable":true,"href":"https:\/\/zdronu.sk\/de\/wp-json\/wp\/v2\/comments?post=433"}],"version-history":[{"count":173,"href":"https:\/\/zdronu.sk\/de\/wp-json\/wp\/v2\/pages\/433\/revisions"}],"predecessor-version":[{"id":8629,"href":"https:\/\/zdronu.sk\/de\/wp-json\/wp\/v2\/pages\/433\/revisions\/8629"}],"up":[{"embeddable":true,"href":"https:\/\/zdronu.sk\/de\/wp-json\/wp\/v2\/pages\/413"}],"wp:featuredmedia":[{"embeddable":true,"href":"https:\/\/zdronu.sk\/de\/wp-json\/wp\/v2\/media\/6100"}],"wp:attachment":[{"href":"https:\/\/zdronu.sk\/de\/wp-json\/wp\/v2\/media?parent=433"}],"curies":[{"name":"wp","href":"https:\/\/api.w.org\/{rel}","templated":true}]}}