{"id":8846,"date":"2025-11-06T19:53:02","date_gmt":"2025-11-06T19:53:02","guid":{"rendered":"https:\/\/zdronu.sk\/?page_id=8846"},"modified":"2026-03-26T18:13:26","modified_gmt":"2026-03-26T18:13:26","slug":"test-tym","status":"publish","type":"page","link":"https:\/\/zdronu.sk\/de\/test-tym\/","title":{"rendered":"test tim"},"content":{"rendered":"<h2 class=\"wp-block-heading has-text-align-center\"><span class=\"green\">Quelle <\/span> Team<\/h2>\n\n\n\n<div class=\"medzera\" style=\"height: 50px\"><\/div>\n\n\n\n<p><\/p>\n\n\n\n<div class=\"wp-block-columns tym is-layout-flex wp-container-core-columns-is-layout-9d6595d7 wp-block-columns-is-layout-flex\">\n<div class=\"wp-block-column is-layout-flow wp-block-column-is-layout-flow\">\n<figure class=\"wp-block-image size-full\"><img loading=\"lazy\" decoding=\"async\" width=\"576\" height=\"600\" src=\"https:\/\/zdronu.sk\/wp-content\/uploads\/2026\/03\/2.jpg\" alt=\"\" class=\"wp-image-9148\" srcset=\"https:\/\/zdronu.sk\/wp-content\/uploads\/2026\/03\/2.jpg 576w, https:\/\/zdronu.sk\/wp-content\/uploads\/2026\/03\/2-288x300.jpg 288w, https:\/\/zdronu.sk\/wp-content\/uploads\/2026\/03\/2-12x12.jpg 12w\" sizes=\"auto, (max-width: 576px) 100vw, 576px\" \/><\/figure>\n\n\n\n<p class=\"has-text-align-center\"><strong>Richard Raymann<\/strong><br><br><mark style=\"background-color:#7cc7207d\" class=\"has-inline-color\">Pilot UAS &amp; <\/mark><br><mark style=\"background-color:#7cc7207d\" class=\"has-inline-color\">Produktion<br><\/mark><br><br>Produktion seit \u00fcber 10 Jahren \u2013 von Bau und Inspektion \u00fcber Entwicklung bis hin zu Dreharbeiten f\u00fcr Filmteams. \u00dcbernimmt den gesamten Prozess von der Planung bis zur endg\u00fcltigen Lieferung. Er ist erfahren im Feld und nichts wird ihn in all den Jahren \u00fcberraschen.<\/p>\n<\/div>\n\n\n\n<div class=\"wp-block-column tim is-layout-flow wp-block-column-is-layout-flow\">\n<figure class=\"wp-block-image size-full\"><img loading=\"lazy\" decoding=\"async\" width=\"576\" height=\"600\" src=\"https:\/\/zdronu.sk\/wp-content\/uploads\/2026\/03\/1.jpg\" alt=\"\" class=\"wp-image-9147\" srcset=\"https:\/\/zdronu.sk\/wp-content\/uploads\/2026\/03\/1.jpg 576w, https:\/\/zdronu.sk\/wp-content\/uploads\/2026\/03\/1-288x300.jpg 288w, https:\/\/zdronu.sk\/wp-content\/uploads\/2026\/03\/1-12x12.jpg 12w\" sizes=\"auto, (max-width: 576px) 100vw, 576px\" \/><\/figure>\n\n\n\n<p class=\"has-text-align-center\"><strong>Vladim\u00edr Franko<\/strong><br><br><mark style=\"background-color:#7cc7207d\" class=\"has-inline-color\">Pilot UAS &amp; <\/mark><br><mark style=\"background-color:#7cc7207d\" class=\"has-inline-color\">Inspektionen<br><\/mark><br><br>Technisch versierter und neugieriger Pilot mit Fokus auf Pr\u00e4zision, Konsistenz und Detail bei jeder Inspektion und Thermografie. Zuverl\u00e4ssig und flexibel \u2013 an st\u00e4ndige Wetter- und Termin\u00e4nderungen hat er sich bereits gew\u00f6hnt. <\/p>\n\n\n\n<p class=\"has-text-align-center\"><\/p>\n<\/div>\n\n\n\n<div class=\"wp-block-column tim is-layout-flow wp-block-column-is-layout-flow\">\n<figure class=\"wp-block-image size-full\"><img loading=\"lazy\" decoding=\"async\" width=\"570\" height=\"600\" src=\"https:\/\/zdronu.sk\/wp-content\/uploads\/2026\/03\/3.jpg\" alt=\"\" class=\"wp-image-9149\" srcset=\"https:\/\/zdronu.sk\/wp-content\/uploads\/2026\/03\/3.jpg 570w, https:\/\/zdronu.sk\/wp-content\/uploads\/2026\/03\/3-285x300.jpg 285w, https:\/\/zdronu.sk\/wp-content\/uploads\/2026\/03\/3-11x12.jpg 11w\" sizes=\"auto, (max-width: 570px) 100vw, 570px\" \/><\/figure>\n\n\n\n<p class=\"has-text-align-center\"><strong>Otto Vollmann<\/strong><br><br><mark style=\"background-color:#7cc7207d\" class=\"has-inline-color\">Pilot UAS &amp; PR, <\/mark><br><mark style=\"background-color:#7cc7207d\" class=\"has-inline-color\">Kamera<br><\/mark><br><br>Erfahrener Pilot mit Erfahrung in Werbespots und Online-Spots. Neben der Zusammenarbeit mit uns widmet er sich auch eigenen Produktionsprojekten und bringt bei unvorhersehbaren Bedingungen \u00dcberblick und Sicherheit.<\/p>\n\n\n\n<p class=\"has-text-align-center\"><\/p>\n<\/div>\n\n\n\n<div class=\"wp-block-column is-layout-flow wp-block-column-is-layout-flow\">\n<figure class=\"wp-block-image size-full\"><img loading=\"lazy\" decoding=\"async\" width=\"572\" height=\"600\" src=\"https:\/\/zdronu.sk\/wp-content\/uploads\/2026\/03\/4.jpg\" alt=\"\" class=\"wp-image-9169\" srcset=\"https:\/\/zdronu.sk\/wp-content\/uploads\/2026\/03\/4.jpg 572w, https:\/\/zdronu.sk\/wp-content\/uploads\/2026\/03\/4-286x300.jpg 286w, https:\/\/zdronu.sk\/wp-content\/uploads\/2026\/03\/4-11x12.jpg 11w\" sizes=\"auto, (max-width: 572px) 100vw, 572px\" \/><\/figure>\n\n\n\n<p class=\"has-text-align-center\"><strong>Nina Horv\u00e1tov\u00e1<\/strong><br><br><mark style=\"background-color:#7cc7207d\" class=\"has-inline-color\">Postproduktion &amp; Videobearbeitung<br><\/mark><br><br>Professionelle, aufmerksame Cutterin mit Sinn f\u00fcr Details und Atmosph\u00e4re. Vom Musikauswahl \u00fcber Schnitt und Grading bis hin zur KI \u2013 ihre einzigartige Handschrift verleiht Projekten tiefgr\u00fcndige Emotionen und einen stimmigen Charakter.<\/p>\n\n\n\n<p class=\"has-text-align-center\"><\/p>\n<\/div>\n<\/div>\n\n\n\n<p><br><\/p>\n\n\n\n<div class=\"wp-block-buttons is-content-justification-center is-layout-flex wp-container-core-buttons-is-layout-16018d1d wp-block-buttons-is-layout-flex\">\n<div class=\"wp-block-button\"><a class=\"wp-block-button__link wp-element-button\" href=\"https:\/\/zdronu.sk\/de\/kontakt\/\">Kontakt<\/a><\/div>\n<\/div>","protected":false},"excerpt":{"rendered":"<p>Zdronu t\u00edm Richard Raymann Pilot UAS &amp; produkcia V produkci\u00ed viac ako 10 rokov &#8211; od stavebn\u00fdch a in\u0161pek\u010dn\u00fdch, cez developersk\u00e9 a\u017e po lietania pre filmov\u00e9 \u0161t\u00e1by. Zastre\u0161uje proces od pl\u00e1novania po fin\u00e1lne dodanie. Z ter\u00e9nu je ostrie\u013ean\u00fd a za tie roky ho ni\u010d neprekvap\u00ed. Vladim\u00edr Franko Pilot UAS &amp; in\u0161pekcie Technicky zalo\u017een\u00fd a zvedav\u00fd<span class=\"excerpt-more\">...<\/span><\/p>","protected":false},"author":1,"featured_media":0,"parent":0,"menu_order":0,"comment_status":"closed","ping_status":"closed","template":"","meta":{"inline_featured_image":false,"footnotes":""},"class_list":["post-8846","page","type-page","status-publish","hentry"],"yoast_head":"<!-- This site is optimized with the Yoast SEO plugin v27.5 - https:\/\/yoast.com\/product\/yoast-seo-wordpress\/ -->\n<title>test tim | Zdronu<\/title>\n<meta name=\"robots\" content=\"index, follow, max-snippet:-1, max-image-preview:large, max-video-preview:-1\" \/>\n<link rel=\"canonical\" href=\"https:\/\/zdronu.sk\/de\/test-tym\/\" \/>\n<meta property=\"og:locale\" content=\"de_DE\" \/>\n<meta property=\"og:type\" content=\"article\" \/>\n<meta property=\"og:title\" content=\"test tim | Zdronu\" \/>\n<meta property=\"og:description\" content=\"Zdronu t\u00edm Richard Raymann Pilot UAS &amp; produkcia V produkci\u00ed viac ako 10 rokov &#8211; od stavebn\u00fdch a in\u0161pek\u010dn\u00fdch, cez developersk\u00e9 a\u017e po lietania pre filmov\u00e9 \u0161t\u00e1by. Zastre\u0161uje proces od pl\u00e1novania po fin\u00e1lne dodanie. Z ter\u00e9nu je ostrie\u013ean\u00fd a za tie roky ho ni\u010d neprekvap\u00ed. Vladim\u00edr Franko Pilot UAS &amp; in\u0161pekcie Technicky zalo\u017een\u00fd a zvedav\u00fd...\" \/>\n<meta property=\"og:url\" content=\"https:\/\/zdronu.sk\/de\/test-tym\/\" \/>\n<meta property=\"og:site_name\" content=\"Zdronu\" \/>\n<meta property=\"article:modified_time\" content=\"2026-03-26T18:13:26+00:00\" \/>\n<meta property=\"og:image\" content=\"https:\/\/zdronu.sk\/wp-content\/uploads\/2026\/03\/2.jpg\" \/>\n\t<meta property=\"og:image:width\" content=\"576\" \/>\n\t<meta property=\"og:image:height\" content=\"600\" \/>\n\t<meta property=\"og:image:type\" content=\"image\/jpeg\" \/>\n<meta name=\"twitter:card\" content=\"summary_large_image\" \/>\n<meta name=\"twitter:label1\" content=\"Gesch\u00e4tzte Lesezeit\" \/>\n\t<meta name=\"twitter:data1\" content=\"2\u00a0Minuten\" \/>\n<script type=\"application\/ld+json\" class=\"yoast-schema-graph\">{\"@context\":\"https:\\\/\\\/schema.org\",\"@graph\":[{\"@type\":\"WebPage\",\"@id\":\"https:\\\/\\\/zdronu.sk\\\/test-tym\\\/\",\"url\":\"https:\\\/\\\/zdronu.sk\\\/test-tym\\\/\",\"name\":\"test tim | Zdronu\",\"isPartOf\":{\"@id\":\"https:\\\/\\\/zdronu.sk\\\/#website\"},\"primaryImageOfPage\":{\"@id\":\"https:\\\/\\\/zdronu.sk\\\/test-tym\\\/#primaryimage\"},\"image\":{\"@id\":\"https:\\\/\\\/zdronu.sk\\\/test-tym\\\/#primaryimage\"},\"thumbnailUrl\":\"https:\\\/\\\/zdronu.sk\\\/wp-content\\\/uploads\\\/2026\\\/03\\\/2.jpg\",\"datePublished\":\"2025-11-06T19:53:02+00:00\",\"dateModified\":\"2026-03-26T18:13:26+00:00\",\"breadcrumb\":{\"@id\":\"https:\\\/\\\/zdronu.sk\\\/test-tym\\\/#breadcrumb\"},\"inLanguage\":\"de\",\"potentialAction\":[{\"@type\":\"ReadAction\",\"target\":[\"https:\\\/\\\/zdronu.sk\\\/test-tym\\\/\"]}]},{\"@type\":\"ImageObject\",\"inLanguage\":\"de\",\"@id\":\"https:\\\/\\\/zdronu.sk\\\/test-tym\\\/#primaryimage\",\"url\":\"https:\\\/\\\/zdronu.sk\\\/wp-content\\\/uploads\\\/2026\\\/03\\\/2.jpg\",\"contentUrl\":\"https:\\\/\\\/zdronu.sk\\\/wp-content\\\/uploads\\\/2026\\\/03\\\/2.jpg\"},{\"@type\":\"BreadcrumbList\",\"@id\":\"https:\\\/\\\/zdronu.sk\\\/test-tym\\\/#breadcrumb\",\"itemListElement\":[{\"@type\":\"ListItem\",\"position\":1,\"name\":\"Home\",\"item\":\"https:\\\/\\\/zdronu.sk\\\/\"},{\"@type\":\"ListItem\",\"position\":2,\"name\":\"test tim\"}]},{\"@type\":\"WebSite\",\"@id\":\"https:\\\/\\\/zdronu.sk\\\/#website\",\"url\":\"https:\\\/\\\/zdronu.sk\\\/\",\"name\":\"Zdronu\",\"description\":\"Profesion\u00e1lne leteck\u00e9 z\u00e1bery z dronu\",\"publisher\":{\"@id\":\"https:\\\/\\\/zdronu.sk\\\/#organization\"},\"alternateName\":\"Z dronu\",\"potentialAction\":[{\"@type\":\"SearchAction\",\"target\":{\"@type\":\"EntryPoint\",\"urlTemplate\":\"https:\\\/\\\/zdronu.sk\\\/?s={search_term_string}\"},\"query-input\":{\"@type\":\"PropertyValueSpecification\",\"valueRequired\":true,\"valueName\":\"search_term_string\"}}],\"inLanguage\":\"de\"},{\"@type\":\"Organization\",\"@id\":\"https:\\\/\\\/zdronu.sk\\\/#organization\",\"name\":\"Zdronu\",\"alternateName\":\"Z dronu\",\"url\":\"https:\\\/\\\/zdronu.sk\\\/\",\"logo\":{\"@type\":\"ImageObject\",\"inLanguage\":\"de\",\"@id\":\"https:\\\/\\\/zdronu.sk\\\/#\\\/schema\\\/logo\\\/image\\\/\",\"url\":\"https:\\\/\\\/zdronu.sk\\\/wp-content\\\/uploads\\\/2022\\\/12\\\/Zdronu-black4.png\",\"contentUrl\":\"https:\\\/\\\/zdronu.sk\\\/wp-content\\\/uploads\\\/2022\\\/12\\\/Zdronu-black4.png\",\"width\":800,\"height\":500,\"caption\":\"Zdronu\"},\"image\":{\"@id\":\"https:\\\/\\\/zdronu.sk\\\/#\\\/schema\\\/logo\\\/image\\\/\"}}]}<\/script>\n<!-- \/ Yoast SEO plugin. -->","yoast_head_json":{"title":"test tim | Zdronu","robots":{"index":"index","follow":"follow","max-snippet":"max-snippet:-1","max-image-preview":"max-image-preview:large","max-video-preview":"max-video-preview:-1"},"canonical":"https:\/\/zdronu.sk\/de\/test-tym\/","og_locale":"de_DE","og_type":"article","og_title":"test tim | Zdronu","og_description":"Zdronu t\u00edm Richard Raymann Pilot UAS &amp; produkcia V produkci\u00ed viac ako 10 rokov &#8211; od stavebn\u00fdch a in\u0161pek\u010dn\u00fdch, cez developersk\u00e9 a\u017e po lietania pre filmov\u00e9 \u0161t\u00e1by. Zastre\u0161uje proces od pl\u00e1novania po fin\u00e1lne dodanie. Z ter\u00e9nu je ostrie\u013ean\u00fd a za tie roky ho ni\u010d neprekvap\u00ed. Vladim\u00edr Franko Pilot UAS &amp; in\u0161pekcie Technicky zalo\u017een\u00fd a zvedav\u00fd...","og_url":"https:\/\/zdronu.sk\/de\/test-tym\/","og_site_name":"Zdronu","article_modified_time":"2026-03-26T18:13:26+00:00","og_image":[{"width":576,"height":600,"url":"https:\/\/zdronu.sk\/wp-content\/uploads\/2026\/03\/2.jpg","type":"image\/jpeg"}],"twitter_card":"summary_large_image","twitter_misc":{"Gesch\u00e4tzte Lesezeit":"2\u00a0Minuten"},"schema":{"@context":"https:\/\/schema.org","@graph":[{"@type":"WebPage","@id":"https:\/\/zdronu.sk\/test-tym\/","url":"https:\/\/zdronu.sk\/test-tym\/","name":"test tim | Zdronu","isPartOf":{"@id":"https:\/\/zdronu.sk\/#website"},"primaryImageOfPage":{"@id":"https:\/\/zdronu.sk\/test-tym\/#primaryimage"},"image":{"@id":"https:\/\/zdronu.sk\/test-tym\/#primaryimage"},"thumbnailUrl":"https:\/\/zdronu.sk\/wp-content\/uploads\/2026\/03\/2.jpg","datePublished":"2025-11-06T19:53:02+00:00","dateModified":"2026-03-26T18:13:26+00:00","breadcrumb":{"@id":"https:\/\/zdronu.sk\/test-tym\/#breadcrumb"},"inLanguage":"de","potentialAction":[{"@type":"ReadAction","target":["https:\/\/zdronu.sk\/test-tym\/"]}]},{"@type":"ImageObject","inLanguage":"de","@id":"https:\/\/zdronu.sk\/test-tym\/#primaryimage","url":"https:\/\/zdronu.sk\/wp-content\/uploads\/2026\/03\/2.jpg","contentUrl":"https:\/\/zdronu.sk\/wp-content\/uploads\/2026\/03\/2.jpg"},{"@type":"BreadcrumbList","@id":"https:\/\/zdronu.sk\/test-tym\/#breadcrumb","itemListElement":[{"@type":"ListItem","position":1,"name":"Home","item":"https:\/\/zdronu.sk\/"},{"@type":"ListItem","position":2,"name":"test tim"}]},{"@type":"WebSite","@id":"https:\/\/zdronu.sk\/#website","url":"https:\/\/zdronu.sk\/","name":"Quelle","description":"Professionelle Drohnenaufnahmen aus der Luft","publisher":{"@id":"https:\/\/zdronu.sk\/#organization"},"alternateName":"Z dronu","potentialAction":[{"@type":"SearchAction","target":{"@type":"EntryPoint","urlTemplate":"https:\/\/zdronu.sk\/?s={search_term_string}"},"query-input":{"@type":"PropertyValueSpecification","valueRequired":true,"valueName":"search_term_string"}}],"inLanguage":"de"},{"@type":"Organization","@id":"https:\/\/zdronu.sk\/#organization","name":"Quelle","alternateName":"Z dronu","url":"https:\/\/zdronu.sk\/","logo":{"@type":"ImageObject","inLanguage":"de","@id":"https:\/\/zdronu.sk\/#\/schema\/logo\/image\/","url":"https:\/\/zdronu.sk\/wp-content\/uploads\/2022\/12\/Zdronu-black4.png","contentUrl":"https:\/\/zdronu.sk\/wp-content\/uploads\/2022\/12\/Zdronu-black4.png","width":800,"height":500,"caption":"Zdronu"},"image":{"@id":"https:\/\/zdronu.sk\/#\/schema\/logo\/image\/"}}]}},"_links":{"self":[{"href":"https:\/\/zdronu.sk\/de\/wp-json\/wp\/v2\/pages\/8846","targetHints":{"allow":["GET"]}}],"collection":[{"href":"https:\/\/zdronu.sk\/de\/wp-json\/wp\/v2\/pages"}],"about":[{"href":"https:\/\/zdronu.sk\/de\/wp-json\/wp\/v2\/types\/page"}],"author":[{"embeddable":true,"href":"https:\/\/zdronu.sk\/de\/wp-json\/wp\/v2\/users\/1"}],"replies":[{"embeddable":true,"href":"https:\/\/zdronu.sk\/de\/wp-json\/wp\/v2\/comments?post=8846"}],"version-history":[{"count":98,"href":"https:\/\/zdronu.sk\/de\/wp-json\/wp\/v2\/pages\/8846\/revisions"}],"predecessor-version":[{"id":9366,"href":"https:\/\/zdronu.sk\/de\/wp-json\/wp\/v2\/pages\/8846\/revisions\/9366"}],"wp:attachment":[{"href":"https:\/\/zdronu.sk\/de\/wp-json\/wp\/v2\/media?parent=8846"}],"curies":[{"name":"wp","href":"https:\/\/api.w.org\/{rel}","templated":true}]}}